{"id":1817,"date":"2021-04-02T10:32:55","date_gmt":"2021-04-02T08:32:55","guid":{"rendered":"https:\/\/mallorca.eleusal.com\/?page_id=1817"},"modified":"2026-03-09T17:56:45","modified_gmt":"2026-03-09T16:56:45","slug":"cursos-generales","status":"publish","type":"page","link":"https:\/\/mallorca.eleusal.com\/es\/cursos-generales\/","title":{"rendered":"Cursos generales"},"content":{"rendered":"<p>[vc_row css_animation=\u00bb\u00bb row_type=\u00bbrow\u00bb use_row_as_full_screen_section=\u00bbyes\u00bb type=\u00bbfull_width\u00bb angled_section=\u00bbno\u00bb text_align=\u00bbleft\u00bb background_image_as_pattern=\u00bbwithout_pattern\u00bb padding_bottom=\u00bb90&#8243; z_index=\u00bb\u00bb background_image=\u00bb385&#8243;][vc_column width=\u00bb1\/6&#8243;]<div class=\"qode-info-card-with-icon\">\n    <div class=\"qode-icwi-image-icon-holder qode-start-icon-hover\">\n\t\t\t\t\t\t<div class=\"qode-icwi-icon-holder\">\n\t\t\t<span class=\"qode-icon-holder qode-icon-circle qode-icon-tiny\"   >\n\t\t\t\t<span aria-hidden=\"true\" class=\"qode_icon_font_elegant arrow_down qode-icon-element\" style=\"\" ><\/span>\t\t\t<\/span>\n\t\t<\/div>\n\t\t\t<\/div>\n\t<div class=\"qode-icwi-text-holder\">\n\t\t\t\t\t<h3 class=\"qode-icwi-title\">\n\t\t\t\tGarant\u00eda de calidad\t\t\t<\/h3>\n\t\t\t\t\t\t\t<p class=\"qode-icwi-text\">\n\t\t\t\tCertificado por la Universidad de Salamanca y acreditado por el Instituto Cervantes\t\t\t<\/p>\n\t\t\t<\/div>\n<\/div>[\/vc_column][vc_column width=\u00bb1\/6&#8243;]<div class=\"qode-info-card-with-icon\">\n    <div class=\"qode-icwi-image-icon-holder qode-start-icon-hover\">\n\t\t\t\t\t\t<div class=\"qode-icwi-icon-holder\">\n\t\t\t<span class=\"qode-icon-holder qode-icon-circle qode-icon-tiny\"   >\n\t\t\t\t<span aria-hidden=\"true\" class=\"qode_icon_font_elegant arrow_down qode-icon-element\" style=\"\" ><\/span>\t\t\t<\/span>\n\t\t<\/div>\n\t\t\t<\/div>\n\t<div class=\"qode-icwi-text-holder\">\n\t\t\t\t\t<h3 class=\"qode-icwi-title\">\n\t\t\t\tTodos los niveles del MCER\t\t\t<\/h3>\n\t\t\t\t\t\t\t<p class=\"qode-icwi-text\">\n\t\t\t\tA1\/A2\/B1\/B2\/C1\/C2\t\t\t<\/p>\n\t\t\t<\/div>\n<\/div>[\/vc_column][vc_column width=\u00bb1\/6&#8243;]<div class=\"qode-info-card-with-icon\">\n    <div class=\"qode-icwi-image-icon-holder qode-start-icon-hover\">\n\t\t\t\t\t\t<div class=\"qode-icwi-icon-holder\">\n\t\t\t<span class=\"qode-icon-holder qode-icon-circle qode-icon-tiny\"   >\n\t\t\t\t<span aria-hidden=\"true\" class=\"qode_icon_font_elegant arrow_down qode-icon-element\" style=\"\" ><\/span>\t\t\t<\/span>\n\t\t<\/div>\n\t\t\t<\/div>\n\t<div class=\"qode-icwi-text-holder\">\n\t\t\t\t\t<h3 class=\"qode-icwi-title\">\n\t\t\t\tClases a medida\t\t\t<\/h3>\n\t\t\t\t\t\t\t<p class=\"qode-icwi-text\">\n\t\t\t\tAdaptadas a las necesidades del estudiante. Seguimiento del aprendizaje\t\t\t<\/p>\n\t\t\t<\/div>\n<\/div>[\/vc_column][vc_column width=\u00bb1\/6&#8243;]<div class=\"qode-info-card-with-icon\">\n    <div class=\"qode-icwi-image-icon-holder qode-start-icon-hover\">\n\t\t\t\t\t\t<div class=\"qode-icwi-icon-holder\">\n\t\t\t<span class=\"qode-icon-holder qode-icon-circle qode-icon-tiny\"   >\n\t\t\t\t<span aria-hidden=\"true\" class=\"qode_icon_font_elegant arrow_down qode-icon-element\" style=\"\" ><\/span>\t\t\t<\/span>\n\t\t<\/div>\n\t\t\t<\/div>\n\t<div class=\"qode-icwi-text-holder\">\n\t\t\t\t\t<h4 class=\"qode-icwi-title\">\n\t\t\t\tExpresi\u00f3n oral, expresi\u00f3n escrita, comprensi\u00f3n de lectura y comprensi\u00f3n auditiva\t\t\t<\/h4>\n\t\t\t\t\t\t\t<p class=\"qode-icwi-text\">\n\t\t\t\tSe trabajan todas las destrezas comunicativas\t\t\t<\/p>\n\t\t\t<\/div>\n<\/div>[\/vc_column][vc_column width=\u00bb1\/6&#8243;]<div class=\"qode-info-card-with-icon\">\n    <div class=\"qode-icwi-image-icon-holder qode-start-icon-hover\">\n\t\t\t\t\t\t<div class=\"qode-icwi-icon-holder\">\n\t\t\t<span class=\"qode-icon-holder qode-icon-circle qode-icon-tiny\"   >\n\t\t\t\t<span aria-hidden=\"true\" class=\"qode_icon_font_elegant arrow_down qode-icon-element\" style=\"\" ><\/span>\t\t\t<\/span>\n\t\t<\/div>\n\t\t\t<\/div>\n\t<div class=\"qode-icwi-text-holder\">\n\t\t\t\t\t<h3 class=\"qode-icwi-title\">\n\t\t\t\tCourses start\t\t\t<\/h3>\n\t\t\t\t\t\t\t<p class=\"qode-icwi-text\">\n\t\t\t\tEvery Monday*\t\t\t<\/p>\n\t\t\t<\/div>\n<\/div>[\/vc_column][vc_column width=\u00bb1\/6&#8243;]<div class=\"qode-info-card-with-icon\">\n    <div class=\"qode-icwi-image-icon-holder qode-start-icon-hover\">\n\t\t\t\t\t\t<div class=\"qode-icwi-icon-holder\">\n\t\t\t<span class=\"qode-icon-holder qode-icon-circle qode-icon-tiny\"   >\n\t\t\t\t<span aria-hidden=\"true\" class=\"qode_icon_font_elegant arrow_down qode-icon-element\" style=\"\" ><\/span>\t\t\t<\/span>\n\t\t<\/div>\n\t\t\t<\/div>\n\t<div class=\"qode-icwi-text-holder\">\n\t\t\t\t\t<h3 class=\"qode-icwi-title\">\n\t\t\t\tMateriales de estudio incluidos\t\t\t<\/h3>\n\t\t\t\t\t\t\t<p class=\"qode-icwi-text\">\n\t\t\t\tTambi\u00e9n certificado de estudios y actividades culturales\t\t\t<\/p>\n\t\t\t<\/div>\n<\/div>[\/vc_column][\/vc_row][vc_row css_animation=\u00bb\u00bb row_type=\u00bbrow\u00bb use_row_as_full_screen_section=\u00bbno\u00bb type=\u00bbfull_width\u00bb angled_section=\u00bbno\u00bb text_align=\u00bbleft\u00bb background_image_as_pattern=\u00bbwithout_pattern\u00bb padding_bottom=\u00bb90&#8243; z_index=\u00bb\u00bb][vc_column][vc_column_text]<\/p>\n<p style=\"text-align: center\"><strong>*Menos nivel principiante, que empieza el 1r y 3r lunes de cada mes<\/strong><\/p>\n<h3 style=\"text-align: center\">1 clase = 50 minutos lectivos<\/h3>\n<p>[\/vc_column_text][vc_empty_space][vc_row_inner row_type=\u00bbrow\u00bb type=\u00bbfull_width\u00bb text_align=\u00bbcenter\u00bb css_animation=\u00bb\u00bb][vc_column_inner width=\u00bb1\/4&#8243;]<a  itemprop=\"url\" href=\"https:\/\/mallorca.eleusal.com\/wp-content\/uploads\/sites\/3\/2022\/07\/TABLA-NUEVA-PRECIOS-3-1-1.pdf\" target=\"_self\"  class=\"qbutton  medium center default PRECIO\" style=\"\">PRECIO<i class=\"qode_icon_font_awesome fa fa-eur qode_button_icon_element\" style=\"\" ><\/i><\/a>[\/vc_column_inner][vc_column_inner width=\u00bb1\/4&#8243;]<a  itemprop=\"url\" href=\"https:\/\/mallorca.eleusal.com\/wp-content\/uploads\/sites\/3\/2025\/08\/PRECIO_ALOJAMIENTO_2025.pdf\" target=\"_self\"  class=\"qbutton  medium center default\" style=\"\">ALOJAMIENTO<i class=\"qode_icon_font_awesome fa fa-home qode_button_icon_element\" style=\"\" ><\/i><\/a>[vc_empty_space][\/vc_column_inner][vc_column_inner width=\u00bb1\/4&#8243;]<a  itemprop=\"url\" href=\"https:\/\/docs.google.com\/forms\/d\/e\/1FAIpQLSc2HCzXbscZ_aau0tO0YYzoN9dcdPWU6XgrDWTmsZ3MoPkB5g\/viewform?gxids=7628\" target=\"_self\"  class=\"qbutton  medium center default\" style=\"\">TEST DE NIVEL<i class=\"qode_icon_font_awesome fa fa-pencil-square qode_button_icon_element\" style=\"\" ><\/i><\/a>[\/vc_column_inner][vc_column_inner width=\u00bb1\/4&#8243;]<a  itemprop=\"url\" href=\"https:\/\/mallorca.eleusal.com\/wp-content\/uploads\/sites\/3\/2024\/02\/Plan-de-ensen\u0303anza-ELE-USAL-Mallorca-Reducido.pdf\" target=\"_self\"  class=\"qbutton  medium center default\" style=\"\">Plan de ense\u00f1anza<i class=\"qode_icon_font_awesome fa fa-pie-chart qode_button_icon_element\" style=\"\" ><\/i><\/a>[\/vc_column_inner][\/vc_row_inner][\/vc_column][\/vc_row][vc_row css_animation=\u00bb\u00bb row_type=\u00bbrow\u00bb use_row_as_full_screen_section=\u00bbyes\u00bb type=\u00bbfull_width\u00bb angled_section=\u00bbno\u00bb text_align=\u00bbleft\u00bb background_image_as_pattern=\u00bbwithout_pattern\u00bb padding_bottom=\u00bb90&#8243; z_index=\u00bb\u00bb][vc_column width=\u00bb1\/3&#8243;][vc_column_text]<\/p>\n<h3 style=\"text-align: center\"><a href=\"https:\/\/mallorca.eleusal.com\/es\/cursos\/\">Cursos de Espa\u00f1ol<\/a><\/h3>\n<p>[\/vc_column_text][vc_empty_space][vc_single_image image=\u00bb1302&#8243; img_size=\u00bblarge\u00bb alignment=\u00bbcenter\u00bb style=\u00bbvc_box_rounded\u00bb onclick=\u00bbcustom_link\u00bb img_link_target=\u00bb_blank\u00bb qode_css_animation=\u00bb\u00bb link=\u00bbhttps:\/\/mallorca.eleusal.com\/es\/cursos\/\u00bb][\/vc_column][vc_column width=\u00bb1\/3&#8243;][vc_column_text]<\/p>\n<h3 style=\"text-align: center\">Cursos de Espa\u00f1ol en l\u00ednea<\/h3>\n<p>[\/vc_column_text][vc_empty_space][vc_single_image image=\u00bb1663&#8243; img_size=\u00bblarge\u00bb alignment=\u00bbcenter\u00bb style=\u00bbvc_box_rounded\u00bb onclick=\u00bbcustom_link\u00bb img_link_target=\u00bb_blank\u00bb qode_css_animation=\u00bb\u00bb link=\u00bbhttps:\/\/mallorca.eleusal.com\/online-lessons\/\u00bb][\/vc_column][vc_column width=\u00bb1\/3&#8243;][vc_column_text]<\/p>\n<h3 class=\"page-header\" style=\"text-align: center\"><a href=\"https:\/\/mallorcaworks.com\/\">PR\u00c1CTICAS<\/a><\/h3>\n<p>[\/vc_column_text][vc_empty_space][vc_single_image image=\u00bb7120&#8243; img_size=\u00bblarge\u00bb alignment=\u00bbcenter\u00bb style=\u00bbvc_box_rounded\u00bb onclick=\u00bbcustom_link\u00bb img_link_target=\u00bb_blank\u00bb qode_css_animation=\u00bb\u00bb link=\u00bbhttps:\/\/mallorcaworks.com\/\u00bb][\/vc_column][\/vc_row][vc_row css_animation=\u00bb\u00bb row_type=\u00bbrow\u00bb use_row_as_full_screen_section=\u00bbno\u00bb type=\u00bbfull_width\u00bb angled_section=\u00bbno\u00bb text_align=\u00bbleft\u00bb background_image_as_pattern=\u00bbwithout_pattern\u00bb][vc_column width=\u00bb1\/6&#8243;][vc_single_image image=\u00bb1785&#8243; onclick=\u00bbcustom_link\u00bb qode_css_animation=\u00bb\u00bb link=\u00bbhttps:\/\/mallorca.eleusal.com\/csn\/\u00bb][vc_empty_space][\/vc_column][vc_column width=\u00bb1\/6&#8243;][vc_single_image image=\u00bb7117&#8243; onclick=\u00bbcustom_link\u00bb qode_css_animation=\u00bb\u00bb link=\u00bbhttps:\/\/mallorca.eleusal.com\/csn\/\u00bb][\/vc_column][vc_column width=\u00bb1\/6&#8243;][\/vc_column][vc_column width=\u00bb1\/6&#8243;][\/vc_column][vc_column width=\u00bb1\/6&#8243;][\/vc_column][vc_column width=\u00bb1\/6&#8243;][\/vc_column][\/vc_row][vc_row css_animation=\u00bb\u00bb row_type=\u00bbrow\u00bb use_row_as_full_screen_section=\u00bbno\u00bb type=\u00bbfull_width\u00bb angled_section=\u00bbno\u00bb text_align=\u00bbleft\u00bb background_image_as_pattern=\u00bbwithout_pattern\u00bb][vc_column][vc_column_text]<\/p>\n<h5><strong>D\u00edas festivos:<\/strong><\/h5>\n<h5>En 2026, ELE USAL Mallorca permanecer\u00e1 cerrada durante las fiestas, que acorde al calendario de d\u00edas festivos en las Baleares son los siguientes:<\/h5>\n<h5>Del 1 de enero al 6 de enero, 19 y 20 de enero, 2 de marzo, del 2 de abril al 6 de abril, 1 de mayo, 12 de octubre, 7 y 8 de diciembre y del 21 de diciembre al 11 de enero.<\/h5>\n<h5><em>Las clases que coincidan con estos d\u00edas no podr\u00e1n ser recuperadas.<\/em><\/h5>\n<p>[\/vc_column_text][vc_empty_space]<a  itemprop=\"url\" href=\"https:\/\/www.caib.es\/sites\/calendarilaboral\/es\/aao_2026\/\" target=\"_self\"  class=\"qbutton  default\" style=\"\">Calendario de festivos<\/a>[vc_empty_space][vc_column_text]<a href=\"https:\/\/mallorca.eleusal.com\/\">ELE USAL Mallorca<\/a> tiene diferentes cursos de espa\u00f1ol que se adaptan a las necesidades del alumno. Ofrecemos una ense\u00f1anza de alta calidad a nuestros estudiantes a trav\u00e9s de la metodolog\u00eda de la universidad de Salamanca.<\/p>\n<p>Ofrecemos certificados oficiales que indican el nivel de espa\u00f1ol y el curso realizado en nuestra escuela.<\/p>\n<p>Si deseas aprender espa\u00f1ol te apoyamos en el proceso burocr\u00e1tico y de gesti\u00f3n para que puedas venir a estudiar espa\u00f1ol en una de las ciudades mas bonitas de Espa\u00f1a.[\/vc_column_text][\/vc_column][\/vc_row]<\/p>\n","protected":false},"excerpt":{"rendered":"<p>[vc_row css_animation=\u00bb\u00bb row_type=\u00bbrow\u00bb use_row_as_full_screen_section=\u00bbyes\u00bb type=\u00bbfull_width\u00bb angled_section=\u00bbno\u00bb text_align=\u00bbleft\u00bb background_image_as_pattern=\u00bbwithout_pattern\u00bb padding_bottom=\u00bb90&#8243; z_index=\u00bb\u00bb background_image=\u00bb385&#8243;][vc_column width=\u00bb1\/6&#8243;][\/vc_column][vc_column width=\u00bb1\/6&#8243;][\/vc_column][vc_column width=\u00bb1\/6&#8243;][\/vc_column][vc_column width=\u00bb1\/6&#8243;][\/vc_column][vc_column width=\u00bb1\/6&#8243;][\/vc_column][vc_column width=\u00bb1\/6&#8243;][\/vc_column][\/vc_row][vc_row css_animation=\u00bb\u00bb row_type=\u00bbrow\u00bb use_row_as_full_screen_section=\u00bbno\u00bb type=\u00bbfull_width\u00bb angled_section=\u00bbno\u00bb text_align=\u00bbleft\u00bb background_image_as_pattern=\u00bbwithout_pattern\u00bb padding_bottom=\u00bb90&#8243; z_index=\u00bb\u00bb][vc_column][vc_column_text] *Menos nivel principiante, que empieza el 1r y 3r lunes de cada mes 1 clase = 50 minutos lectivos&#8230;<\/p>\n","protected":false},"author":2,"featured_media":0,"parent":0,"menu_order":0,"comment_status":"closed","ping_status":"closed","template":"","meta":{"footnotes":""},"class_list":["post-1817","page","type-page","status-publish","hentry"],"yoast_head":"<!-- This site is optimized with the Yoast SEO plugin v24.2 - https:\/\/yoast.com\/wordpress\/plugins\/seo\/ -->\n<title>Escuela espa\u00f1ol Mallorca Cursos generales - Spanish School Mallorca<\/title>\n<meta name=\"description\" content=\"Escuela de espa\u00f1ol Mallorca, Aprende Espa\u00f1ol los mejores cursos generales para aprender de manera eficaz. No esperes m\u00e1s y \u00fanete a nuestras clases.\" \/>\n<meta name=\"robots\" content=\"index, follow, max-snippet:-1, max-image-preview:large, max-video-preview:-1\" \/>\n<link rel=\"canonical\" href=\"https:\/\/mallorca.eleusal.com\/es\/cursos-generales\/\" \/>\n<meta property=\"og:locale\" content=\"es_ES\" \/>\n<meta property=\"og:type\" content=\"article\" \/>\n<meta property=\"og:title\" content=\"Escuela espa\u00f1ol Mallorca Cursos generales - Spanish School Mallorca\" \/>\n<meta property=\"og:description\" content=\"Escuela de espa\u00f1ol Mallorca, Aprende Espa\u00f1ol los mejores cursos generales para aprender de manera eficaz. No esperes m\u00e1s y \u00fanete a nuestras clases.\" \/>\n<meta property=\"og:url\" content=\"https:\/\/mallorca.eleusal.com\/es\/cursos-generales\/\" \/>\n<meta property=\"og:site_name\" content=\"ELE USAL Mallorca\" \/>\n<meta property=\"article:publisher\" content=\"https:\/\/www.facebook.com\/mallorca.eleusal\" \/>\n<meta property=\"article:modified_time\" content=\"2026-03-09T16:56:45+00:00\" \/>\n<meta name=\"twitter:card\" content=\"summary_large_image\" \/>\n<meta name=\"twitter:site\" content=\"@UsalMallorca\" \/>\n<meta name=\"twitter:label1\" content=\"Tiempo de lectura\" \/>\n\t<meta name=\"twitter:data1\" content=\"2 minutos\" \/>\n<script type=\"application\/ld+json\" class=\"yoast-schema-graph\">{\"@context\":\"https:\/\/schema.org\",\"@graph\":[{\"@type\":\"WebPage\",\"@id\":\"https:\/\/mallorca.eleusal.com\/es\/cursos-generales\/\",\"url\":\"https:\/\/mallorca.eleusal.com\/es\/cursos-generales\/\",\"name\":\"Escuela espa\u00f1ol Mallorca Cursos generales - Spanish School Mallorca\",\"isPartOf\":{\"@id\":\"https:\/\/mallorca.eleusal.com\/#website\"},\"datePublished\":\"2021-04-02T08:32:55+00:00\",\"dateModified\":\"2026-03-09T16:56:45+00:00\",\"description\":\"Escuela de espa\u00f1ol Mallorca, Aprende Espa\u00f1ol los mejores cursos generales para aprender de manera eficaz. No esperes m\u00e1s y \u00fanete a nuestras clases.\",\"breadcrumb\":{\"@id\":\"https:\/\/mallorca.eleusal.com\/es\/cursos-generales\/#breadcrumb\"},\"inLanguage\":\"es\",\"potentialAction\":[{\"@type\":\"ReadAction\",\"target\":[\"https:\/\/mallorca.eleusal.com\/es\/cursos-generales\/\"]}]},{\"@type\":\"BreadcrumbList\",\"@id\":\"https:\/\/mallorca.eleusal.com\/es\/cursos-generales\/#breadcrumb\",\"itemListElement\":[{\"@type\":\"ListItem\",\"position\":1,\"name\":\"Home\",\"item\":\"https:\/\/mallorca.eleusal.com\/es\/\"},{\"@type\":\"ListItem\",\"position\":2,\"name\":\"Cursos generales\"}]},{\"@type\":\"WebSite\",\"@id\":\"https:\/\/mallorca.eleusal.com\/#website\",\"url\":\"https:\/\/mallorca.eleusal.com\/\",\"name\":\"ELE USAL Mallorca\",\"description\":\"ELE USAL\",\"publisher\":{\"@id\":\"https:\/\/mallorca.eleusal.com\/#organization\"},\"potentialAction\":[{\"@type\":\"SearchAction\",\"target\":{\"@type\":\"EntryPoint\",\"urlTemplate\":\"https:\/\/mallorca.eleusal.com\/?s={search_term_string}\"},\"query-input\":{\"@type\":\"PropertyValueSpecification\",\"valueRequired\":true,\"valueName\":\"search_term_string\"}}],\"inLanguage\":\"es\"},{\"@type\":\"Organization\",\"@id\":\"https:\/\/mallorca.eleusal.com\/#organization\",\"name\":\"ELE USAL Mallorca\",\"url\":\"https:\/\/mallorca.eleusal.com\/\",\"logo\":{\"@type\":\"ImageObject\",\"inLanguage\":\"es\",\"@id\":\"https:\/\/mallorca.eleusal.com\/#\/schema\/logo\/image\/\",\"url\":\"https:\/\/mallorca.eleusal.com\/wp-content\/uploads\/sites\/3\/2019\/06\/ELE-USAL-Mallorca_logoNav.png\",\"contentUrl\":\"https:\/\/mallorca.eleusal.com\/wp-content\/uploads\/sites\/3\/2019\/06\/ELE-USAL-Mallorca_logoNav.png\",\"width\":745,\"height\":42,\"caption\":\"ELE USAL Mallorca\"},\"image\":{\"@id\":\"https:\/\/mallorca.eleusal.com\/#\/schema\/logo\/image\/\"},\"sameAs\":[\"https:\/\/www.facebook.com\/mallorca.eleusal\",\"https:\/\/x.com\/UsalMallorca\",\"https:\/\/www.instagram.com\/eleusalmallorca\/\",\"https:\/\/www.linkedin.com\/company\/ele-usal-mallorca-sl\/\",\"https:\/\/www.youtube.com\/channel\/UCTcEzEe-vw0cKhxIk9utLNQ?view_as=subscriber\"]}]}<\/script>\n<!-- \/ Yoast SEO plugin. -->","yoast_head_json":{"title":"Escuela espa\u00f1ol Mallorca Cursos generales - Spanish School Mallorca","description":"Escuela de espa\u00f1ol Mallorca, Aprende Espa\u00f1ol los mejores cursos generales para aprender de manera eficaz. No esperes m\u00e1s y \u00fanete a nuestras clases.","robots":{"index":"index","follow":"follow","max-snippet":"max-snippet:-1","max-image-preview":"max-image-preview:large","max-video-preview":"max-video-preview:-1"},"canonical":"https:\/\/mallorca.eleusal.com\/es\/cursos-generales\/","og_locale":"es_ES","og_type":"article","og_title":"Escuela espa\u00f1ol Mallorca Cursos generales - Spanish School Mallorca","og_description":"Escuela de espa\u00f1ol Mallorca, Aprende Espa\u00f1ol los mejores cursos generales para aprender de manera eficaz. No esperes m\u00e1s y \u00fanete a nuestras clases.","og_url":"https:\/\/mallorca.eleusal.com\/es\/cursos-generales\/","og_site_name":"ELE USAL Mallorca","article_publisher":"https:\/\/www.facebook.com\/mallorca.eleusal","article_modified_time":"2026-03-09T16:56:45+00:00","twitter_card":"summary_large_image","twitter_site":"@UsalMallorca","twitter_misc":{"Tiempo de lectura":"2 minutos"},"schema":{"@context":"https:\/\/schema.org","@graph":[{"@type":"WebPage","@id":"https:\/\/mallorca.eleusal.com\/es\/cursos-generales\/","url":"https:\/\/mallorca.eleusal.com\/es\/cursos-generales\/","name":"Escuela espa\u00f1ol Mallorca Cursos generales - Spanish School Mallorca","isPartOf":{"@id":"https:\/\/mallorca.eleusal.com\/#website"},"datePublished":"2021-04-02T08:32:55+00:00","dateModified":"2026-03-09T16:56:45+00:00","description":"Escuela de espa\u00f1ol Mallorca, Aprende Espa\u00f1ol los mejores cursos generales para aprender de manera eficaz. No esperes m\u00e1s y \u00fanete a nuestras clases.","breadcrumb":{"@id":"https:\/\/mallorca.eleusal.com\/es\/cursos-generales\/#breadcrumb"},"inLanguage":"es","potentialAction":[{"@type":"ReadAction","target":["https:\/\/mallorca.eleusal.com\/es\/cursos-generales\/"]}]},{"@type":"BreadcrumbList","@id":"https:\/\/mallorca.eleusal.com\/es\/cursos-generales\/#breadcrumb","itemListElement":[{"@type":"ListItem","position":1,"name":"Home","item":"https:\/\/mallorca.eleusal.com\/es\/"},{"@type":"ListItem","position":2,"name":"Cursos generales"}]},{"@type":"WebSite","@id":"https:\/\/mallorca.eleusal.com\/#website","url":"https:\/\/mallorca.eleusal.com\/","name":"ELE USAL Mallorca","description":"ELE USAL","publisher":{"@id":"https:\/\/mallorca.eleusal.com\/#organization"},"potentialAction":[{"@type":"SearchAction","target":{"@type":"EntryPoint","urlTemplate":"https:\/\/mallorca.eleusal.com\/?s={search_term_string}"},"query-input":{"@type":"PropertyValueSpecification","valueRequired":true,"valueName":"search_term_string"}}],"inLanguage":"es"},{"@type":"Organization","@id":"https:\/\/mallorca.eleusal.com\/#organization","name":"ELE USAL Mallorca","url":"https:\/\/mallorca.eleusal.com\/","logo":{"@type":"ImageObject","inLanguage":"es","@id":"https:\/\/mallorca.eleusal.com\/#\/schema\/logo\/image\/","url":"https:\/\/mallorca.eleusal.com\/wp-content\/uploads\/sites\/3\/2019\/06\/ELE-USAL-Mallorca_logoNav.png","contentUrl":"https:\/\/mallorca.eleusal.com\/wp-content\/uploads\/sites\/3\/2019\/06\/ELE-USAL-Mallorca_logoNav.png","width":745,"height":42,"caption":"ELE USAL Mallorca"},"image":{"@id":"https:\/\/mallorca.eleusal.com\/#\/schema\/logo\/image\/"},"sameAs":["https:\/\/www.facebook.com\/mallorca.eleusal","https:\/\/x.com\/UsalMallorca","https:\/\/www.instagram.com\/eleusalmallorca\/","https:\/\/www.linkedin.com\/company\/ele-usal-mallorca-sl\/","https:\/\/www.youtube.com\/channel\/UCTcEzEe-vw0cKhxIk9utLNQ?view_as=subscriber"]}]}},"_links":{"self":[{"href":"https:\/\/mallorca.eleusal.com\/es\/wp-json\/wp\/v2\/pages\/1817","targetHints":{"allow":["GET"]}}],"collection":[{"href":"https:\/\/mallorca.eleusal.com\/es\/wp-json\/wp\/v2\/pages"}],"about":[{"href":"https:\/\/mallorca.eleusal.com\/es\/wp-json\/wp\/v2\/types\/page"}],"author":[{"embeddable":true,"href":"https:\/\/mallorca.eleusal.com\/es\/wp-json\/wp\/v2\/users\/2"}],"replies":[{"embeddable":true,"href":"https:\/\/mallorca.eleusal.com\/es\/wp-json\/wp\/v2\/comments?post=1817"}],"version-history":[{"count":35,"href":"https:\/\/mallorca.eleusal.com\/es\/wp-json\/wp\/v2\/pages\/1817\/revisions"}],"predecessor-version":[{"id":17329,"href":"https:\/\/mallorca.eleusal.com\/es\/wp-json\/wp\/v2\/pages\/1817\/revisions\/17329"}],"wp:attachment":[{"href":"https:\/\/mallorca.eleusal.com\/es\/wp-json\/wp\/v2\/media?parent=1817"}],"curies":[{"name":"wp","href":"https:\/\/api.w.org\/{rel}","templated":true}]}}