{"id":672,"date":"2018-05-07T12:08:05","date_gmt":"2018-05-07T12:08:05","guid":{"rendered":"http:\/\/mallorca.eleusal.com\/?page_id=672"},"modified":"2026-03-09T18:15:39","modified_gmt":"2026-03-09T17:15:39","slug":"escuela","status":"publish","type":"page","link":"https:\/\/mallorca.eleusal.com\/es\/escuela\/","title":{"rendered":"La escuela"},"content":{"rendered":"<p>[vc_row css_animation=\u00bb\u00bb row_type=\u00bbrow\u00bb use_row_as_full_screen_section=\u00bbno\u00bb type=\u00bbfull_width\u00bb angled_section=\u00bbno\u00bb text_align=\u00bbleft\u00bb background_image_as_pattern=\u00bbwithout_pattern\u00bb][vc_column][vc_separator type=\u00bbnormal\u00bb][\/vc_column][\/vc_row][vc_row css_animation=\u00bb\u00bb row_type=\u00bbrow\u00bb use_row_as_full_screen_section=\u00bbno\u00bb type=\u00bbgrid\u00bb angled_section=\u00bbno\u00bb text_align=\u00bbleft\u00bb background_image_as_pattern=\u00bbwithout_pattern\u00bb z_index=\u00bb\u00bb][vc_column width=\u00bb2\/3&#8243;][vc_column_text]<\/p>\n<h5>Estimado\/a estudiante:<\/h5>\n<p>&nbsp;<\/p>\n<h5><\/h5>\n<h5>Me gustar\u00eda darle la bienvenida a <a href=\"https:\/\/mallorca.eleusal.com\/es\/\">ELE USAL MALLORCA<\/a>, su mejor escuela de <a href=\"https:\/\/mallorca.eleusal.com\/es\/courses\/\">espa\u00f1ol<\/a> en Palma de Mallorca des de 2014. Nos comprometemos a crear un entorno estimulante y din\u00e1mico para garantizar que deje Mallorca con nuevas habilidades ling\u00fc\u00edsticas mejoradas, adem\u00e1s de una visi\u00f3n de nuestra historia, cultura y tradiciones. Nos enorgullece brindarles a nuestros estudiantes atenci\u00f3n personalizada.<\/h5>\n<p>&nbsp;<\/p>\n<h5><\/h5>\n<h5>Tendr\u00e1s todas las oportunidades de experimentar el ambiente cosmopolita de PALMA, la capital de Mallorca. Hay que destacar el magn\u00edfico clima de la ciudad, sus enormes y hermosas playas, sin olvidar su relevancia hist\u00f3rica y cultural. Espero que para cada uno de ustedes, su estad\u00eda con nosotros no solo sea una oportunidad para mejorar sus habilidades ling\u00fc\u00edsticas, sino tambi\u00e9n para conocer gente de todo el mundo, explorar la isla de Mallorca y tener una experiencia memorable.<\/h5>\n<p>&nbsp;<\/p>\n<h5><\/h5>\n<h5>Es muy posible que pronto se convierta en uno de los numerosos estudiantes que regularmente regresan a ELE USAL MALLORCA para encontrarse con viejos amigos y continuar sus estudios de espa\u00f1ol.<\/h5>\n<p>&nbsp;<\/p>\n<h5><\/h5>\n<h5>Esperamos darle la bienvenida a Palma de Mallorca en un futuro pr\u00f3ximo.<\/h5>\n<p>[\/vc_column_text][\/vc_column][vc_column width=\u00bb1\/3&#8243;][vc_single_image image=\u00bb1317&#8243; img_size=\u00bbmedium\u00bb qode_css_animation=\u00bb\u00bb][vc_column_text]<strong>Magdalena Torrens<\/strong><\/p>\n<p><strong>Directora<\/strong>[\/vc_column_text][\/vc_column][\/vc_row][vc_row css_animation=\u00bb\u00bb row_type=\u00bbrow\u00bb use_row_as_full_screen_section=\u00bbno\u00bb type=\u00bbgrid\u00bb angled_section=\u00bbno\u00bb text_align=\u00bbleft\u00bb background_image_as_pattern=\u00bbwithout_pattern\u00bb z_index=\u00bb\u00bb][vc_column width=\u00bb2\/3&#8243;][vc_empty_space height=\u00bb100px\u00bb][vc_gallery interval=\u00bb0&#8243; images=\u00bb6893,6895,6897,6899,6901&#8243; img_size=\u00bblarge\u00bb]<div class=\"q_icon_list\"><i class=\"qode_icon_font_awesome fa fa-check-square qode-ili-icon-holder circle\" style=\"color: #ffffff;background-color: #dd3333;\" ><\/i><p style=\"color:#000000;font-size: 18px;font-weight: 300;\">Escuela de Espa\u00f1ol con la excelencia y la calidad de la Universidad de Salamanca<\/p><\/div><div class=\"q_icon_list\"><i class=\"qode_icon_font_awesome fa fa-check-square qode-ili-icon-holder circle\" style=\"color: #ffffff;background-color: #dd3333;\" ><\/i><p style=\"color:#000000;font-size: 18px;font-weight: 300;\">Centro acreditado y examinador del Instituto Cervantes (DELE, CCSE, SIELE)<\/p><\/div><div class=\"q_icon_list\"><i class=\"qode_icon_font_awesome fa fa-check-square qode-ili-icon-holder circle\" style=\"color: #ffffff;background-color: #dd3333;\" ><\/i><p style=\"color:#000000;font-size: 18px;font-weight: 300;\">Centro organizador de los cursos de formaci\u00f3n Bildungsurlaub<\/p><\/div><div class=\"q_icon_list\"><i class=\"qode_icon_font_awesome fa fa-check-square qode-ili-icon-holder circle\" style=\"color: #ffffff;background-color: #dd3333;\" ><\/i><p style=\"color:#000000;font-size: 18px;font-weight: 300;\">Excelente ubicaci\u00f3n, en pleno centro de Palma<\/p><\/div><div class=\"q_icon_list\"><i class=\"qode_icon_font_awesome fa fa-check-square qode-ili-icon-holder circle\" style=\"color: #ffffff;background-color: #dd3333;\" ><\/i><p style=\"color:#000000;font-size: 18px;font-weight: 300;\">A 10 minutos de Plaza de Espa\u00f1a, la Catedral y calles comerciales. Al lado de Santa Catalina con una gran oferta de restaurantes y otros servicios<\/p><\/div><div class=\"q_icon_list\"><i class=\"qode_icon_font_awesome fa fa-check-square qode-ili-icon-holder circle\" style=\"color: #ffffff;background-color: #dd3333;\" ><\/i><p style=\"color:#000000;font-size: 18px;font-weight: 300;\">A 15 minutos de la estaci\u00f3n de tren, metro y autob\u00fas que conecta con toda la isla. Con paradas del servicio EMT a 2 minutos.<\/p><\/div><div class=\"q_icon_list\"><i class=\"qode_icon_font_awesome fa fa-check-square qode-ili-icon-holder circle\" style=\"color: #ffffff;background-color: #dd3333;\" ><\/i><p style=\"color:#000000;font-size: 18px;font-weight: 300;\">Perfecta conexi\u00f3n con el aeropuerto<\/p><\/div><div class=\"q_icon_list\"><i class=\"qode_icon_font_awesome fa fa-check-square qode-ili-icon-holder circle\" style=\"color: #ffffff;background-color: #dd3333;\" ><\/i><p style=\"color:#000000;font-size: 18px;font-weight: 300;\">Todos nuestros alumnos est\u00e1n protegidos por un seguro de responsabilidad civil<\/p><\/div><div class=\"q_icon_list\"><i class=\"qode_icon_font_awesome fa fa-check-square qode-ili-icon-holder circle\" style=\"color: #ffffff;background-color: #dd3333;\" ><\/i><p style=\"color:#000000;font-size: 18px;font-weight: 300;\">De lunes a viernes de 9:30 a 19:00<\/p><\/div>[vc_empty_space height=\u00bb100px\u00bb][\/vc_column][vc_column width=\u00bb1\/3&#8243;][vc_empty_space height=\u00bb100px\u00bb][vc_gmaps link=\u00bb#E-8_JTNDaWZyYW1lJTIwc3JjJTNEJTIyaHR0cHMlM0ElMkYlMkZ3d3cuZ29vZ2xlLmNvbSUyRm1hcHMlMkZlbWJlZCUzRnBiJTNEJTIxMW0xNCUyMTFtOCUyMTFtMyUyMTFkMTIzMDAuOTc3Nzk1MTM1NzE1JTIxMmQyLjY1ODI0MzklMjEzZDM5LjU3NjY0MDglMjEzbTIlMjExaTEwMjQlMjEyaTc2OCUyMTRmMTMuMSUyMTNtMyUyMTFtMiUyMTFzMHgwJTI1M0EweDQ3MWRjNzVhOTExMTIwNDklMjEyc0VMRSUyQlVTQUwlMkJNQUxMT1JDQSUyMTVlMCUyMTNtMiUyMTFzZXMlMjEyc2VzJTIxNHYxNTU5NTgyMjQ1MDg3JTIxNW0yJTIxMXNlcyUyMTJzZXMlMjIlMjB3aWR0aCUzRCUyMjYwMCUyMiUyMGhlaWdodCUzRCUyMjI2NSUyMiUyMGZyYW1lYm9yZGVyJTNEJTIyMCUyMiUyMHN0eWxlJTNEJTIyYm9yZGVyJTNBMCUyMiUyMGFsbG93ZnVsbHNjcmVlbiUzRSUzQyUyRmlmcmFtZSUzRQ==\u00bb size=\u00bb\u00bb][vc_empty_space height=\u00bb100px\u00bb]\n<div class=\"wpcf7 no-js\" id=\"wpcf7-f1405-o1\" lang=\"es-ES\" dir=\"ltr\" data-wpcf7-id=\"1405\">\n<div class=\"screen-reader-response\"><p role=\"status\" aria-live=\"polite\" aria-atomic=\"true\"><\/p> <ul><\/ul><\/div>\n<form action=\"\/es\/wp-json\/wp\/v2\/pages\/672#wpcf7-f1405-o1\" method=\"post\" class=\"wpcf7-form init default\" aria-label=\"Formulario de contacto\" novalidate=\"novalidate\" data-status=\"init\">\n<div style=\"display: none;\">\n<input type=\"hidden\" name=\"_wpcf7\" value=\"1405\" \/>\n<input type=\"hidden\" name=\"_wpcf7_version\" value=\"6.0.1\" \/>\n<input type=\"hidden\" name=\"_wpcf7_locale\" value=\"es_ES\" \/>\n<input type=\"hidden\" name=\"_wpcf7_unit_tag\" value=\"wpcf7-f1405-o1\" \/>\n<input type=\"hidden\" name=\"_wpcf7_container_post\" value=\"0\" \/>\n<input type=\"hidden\" name=\"_wpcf7_posted_data_hash\" value=\"\" \/>\n<\/div>\n<p><label> Nombre (requerido)<br \/>\n<span class=\"wpcf7-form-control-wrap\" data-name=\"your-name\"><input size=\"40\" maxlength=\"400\" class=\"wpcf7-form-control wpcf7-text wpcf7-validates-as-required\" aria-required=\"true\" aria-invalid=\"false\" value=\"\" type=\"text\" name=\"your-name\" \/><\/span> <\/label>\n<\/p>\n<p><label> Correo electr\u00f3nico (requerido)<br \/>\n<span class=\"wpcf7-form-control-wrap\" data-name=\"your-email\"><input size=\"40\" maxlength=\"400\" class=\"wpcf7-form-control wpcf7-email wpcf7-validates-as-required wpcf7-text wpcf7-validates-as-email\" aria-required=\"true\" aria-invalid=\"false\" value=\"\" type=\"email\" name=\"your-email\" \/><\/span> <\/label>\n<\/p>\n<p><label> Asunto<br \/>\n<span class=\"wpcf7-form-control-wrap\" data-name=\"your-subject\"><input size=\"40\" maxlength=\"400\" class=\"wpcf7-form-control wpcf7-text\" aria-invalid=\"false\" value=\"\" type=\"text\" name=\"your-subject\" \/><\/span> <\/label>\n<\/p>\n<p><label> Mensaje<br \/>\n<span class=\"wpcf7-form-control-wrap\" data-name=\"your-message\"><textarea cols=\"40\" rows=\"10\" maxlength=\"2000\" class=\"wpcf7-form-control wpcf7-textarea\" aria-invalid=\"false\" name=\"your-message\"><\/textarea><\/span> <\/label>\n<\/p>\n<p><span class=\"wpcf7-form-control-wrap\" data-name=\"acceptance-753\"><span class=\"wpcf7-form-control wpcf7-acceptance\"><span class=\"wpcf7-list-item\"><label><input type=\"checkbox\" name=\"acceptance-753\" value=\"1\" aria-invalid=\"false\" \/><span class=\"wpcf7-list-item-label\"><a href='https:\/\/mallorca.eleusal.com\/wp-content\/uploads\/sites\/3\/2021\/05\/ELE-USAL-MALLORCA-POL\u00cdTICA-PRIVACIDAD.pdf' target='_blank'>Acepto la Pol\u00edtica de Privacidad<\/a><\/span><\/label><\/span><\/span><\/span><br \/>\n<input class=\"wpcf7-form-control wpcf7-submit has-spinner\" type=\"submit\" value=\"Enviar\" \/>\n<\/p><input type=\"hidden\" id=\"ct_checkjs_cf7_ccb0989662211f61edae2e26d58ea92f\" name=\"ct_checkjs_cf7\" value=\"0\" \/><script >setTimeout(function(){var ct_input_name = \"ct_checkjs_cf7_ccb0989662211f61edae2e26d58ea92f\";if (document.getElementById(ct_input_name) !== null) {var ct_input_value = document.getElementById(ct_input_name).value;document.getElementById(ct_input_name).value = document.getElementById(ct_input_name).value.replace(ct_input_value, '4abcd756c14f4c0ba9f77d33cc69886d27eb58d5673256fa5cd433e50dedd87e');}}, 1000);<\/script><label class=\"apbct_special_field\" id=\"apbct_label_id65360\" for=\"apbct__email_id__wp_contact_form_7_65360\">65360<\/label><input\n            id=\"apbct__email_id__wp_contact_form_7_65360\"\n            class=\"apbct_special_field apbct__email_id__wp_contact_form_7\"\n            name=\"apbct__email_id__wp_contact_form_7_65360\"\n            type=\"text\" size=\"30\" maxlength=\"200\" autocomplete=\"off\"\n            value=\"65360\" apbct_event_id=\"65360\"\n            \/><input id=\"apbct_event_id_wp_contact_form_7_65360\"\n                class=\"apbct_special_field\" name=\"apbct_event_id\" type=\"hidden\" value=\"65360\" \/><div class=\"wpcf7-response-output\" aria-hidden=\"true\"><\/div>\n<\/form>\n<\/div>\n[vc_empty_space height=\u00bb100px\u00bb][vc_single_image image=\u00bb915&#8243; img_size=\u00bbmedium\u00bb qode_css_animation=\u00bb\u00bb][\/vc_column][\/vc_row][vc_row css_animation=\u00bb\u00bb row_type=\u00bbrow\u00bb use_row_as_full_screen_section=\u00bbno\u00bb type=\u00bbgrid\u00bb angled_section=\u00bbno\u00bb text_align=\u00bbcenter\u00bb background_image_as_pattern=\u00bbwithout_pattern\u00bb z_index=\u00bb5&#8243; padding_top=\u00bb143&#8243; padding_bottom=\u00bb94&#8243;][vc_column][vc_gallery interval=\u00bb3&#8243; images=\u00bb3827,3831,3833,3837,3839,3845,3849,3851,6804,6806,6808,6810,3853,3855,3857,3843&#8243; img_size=\u00bb900X450&#8243; direction_nav=\u00bbyes\u00bb pause_on_hover=\u00bbyes\u00bb][\/vc_column][\/vc_row]<\/p>\n","protected":false},"excerpt":{"rendered":"<p>[vc_row css_animation=\u00bb\u00bb row_type=\u00bbrow\u00bb use_row_as_full_screen_section=\u00bbno\u00bb type=\u00bbfull_width\u00bb angled_section=\u00bbno\u00bb text_align=\u00bbleft\u00bb background_image_as_pattern=\u00bbwithout_pattern\u00bb][vc_column][vc_separator type=\u00bbnormal\u00bb][\/vc_column][\/vc_row][vc_row css_animation=\u00bb\u00bb row_type=\u00bbrow\u00bb use_row_as_full_screen_section=\u00bbno\u00bb type=\u00bbgrid\u00bb angled_section=\u00bbno\u00bb text_align=\u00bbleft\u00bb background_image_as_pattern=\u00bbwithout_pattern\u00bb z_index=\u00bb\u00bb][vc_column width=\u00bb2\/3&#8243;][vc_column_text] Estimado\/a estudiante: &nbsp; Me gustar\u00eda darle la bienvenida a ELE USAL MALLORCA, su mejor escuela de espa\u00f1ol en Palma de Mallorca des de 2014. Nos comprometemos a&#8230;<\/p>\n","protected":false},"author":1,"featured_media":0,"parent":0,"menu_order":0,"comment_status":"closed","ping_status":"closed","template":"full_width.php","meta":{"footnotes":""},"class_list":["post-672","page","type-page","status-publish","hentry"],"yoast_head":"<!-- This site is optimized with the Yoast SEO plugin v24.2 - https:\/\/yoast.com\/wordpress\/plugins\/seo\/ -->\n<title>La escuela - ELE USAL Mallorca<\/title>\n<meta name=\"robots\" content=\"index, follow, max-snippet:-1, max-image-preview:large, max-video-preview:-1\" \/>\n<link rel=\"canonical\" href=\"https:\/\/mallorca.eleusal.com\/es\/escuela\/\" \/>\n<meta property=\"og:locale\" content=\"es_ES\" \/>\n<meta property=\"og:type\" content=\"article\" \/>\n<meta property=\"og:title\" content=\"La escuela - ELE USAL Mallorca\" \/>\n<meta property=\"og:description\" content=\"[vc_row css_animation=\u00bb\u00bb row_type=\u00bbrow\u00bb use_row_as_full_screen_section=\u00bbno\u00bb type=\u00bbfull_width\u00bb angled_section=\u00bbno\u00bb text_align=\u00bbleft\u00bb background_image_as_pattern=\u00bbwithout_pattern\u00bb][vc_column][vc_separator type=\u00bbnormal\u00bb][\/vc_column][\/vc_row][vc_row css_animation=\u00bb\u00bb row_type=\u00bbrow\u00bb use_row_as_full_screen_section=\u00bbno\u00bb type=\u00bbgrid\u00bb angled_section=\u00bbno\u00bb text_align=\u00bbleft\u00bb background_image_as_pattern=\u00bbwithout_pattern\u00bb z_index=\u00bb\u00bb][vc_column width=\u00bb2\/3&#8243;][vc_column_text] Estimado\/a estudiante: &nbsp; Me gustar\u00eda darle la bienvenida a ELE USAL MALLORCA, su mejor escuela de espa\u00f1ol en Palma de Mallorca des de 2014. Nos comprometemos a...\" \/>\n<meta property=\"og:url\" content=\"https:\/\/mallorca.eleusal.com\/es\/escuela\/\" \/>\n<meta property=\"og:site_name\" content=\"ELE USAL Mallorca\" \/>\n<meta property=\"article:publisher\" content=\"https:\/\/www.facebook.com\/mallorca.eleusal\" \/>\n<meta property=\"article:modified_time\" content=\"2026-03-09T17:15:39+00:00\" \/>\n<meta name=\"twitter:card\" content=\"summary_large_image\" \/>\n<meta name=\"twitter:site\" content=\"@UsalMallorca\" \/>\n<meta name=\"twitter:label1\" content=\"Tiempo de lectura\" \/>\n\t<meta name=\"twitter:data1\" content=\"2 minutos\" \/>\n<script type=\"application\/ld+json\" class=\"yoast-schema-graph\">{\"@context\":\"https:\/\/schema.org\",\"@graph\":[{\"@type\":\"WebPage\",\"@id\":\"https:\/\/mallorca.eleusal.com\/es\/escuela\/\",\"url\":\"https:\/\/mallorca.eleusal.com\/es\/escuela\/\",\"name\":\"La escuela - ELE USAL Mallorca\",\"isPartOf\":{\"@id\":\"https:\/\/mallorca.eleusal.com\/#website\"},\"datePublished\":\"2018-05-07T12:08:05+00:00\",\"dateModified\":\"2026-03-09T17:15:39+00:00\",\"breadcrumb\":{\"@id\":\"https:\/\/mallorca.eleusal.com\/es\/escuela\/#breadcrumb\"},\"inLanguage\":\"es\",\"potentialAction\":[{\"@type\":\"ReadAction\",\"target\":[\"https:\/\/mallorca.eleusal.com\/es\/escuela\/\"]}]},{\"@type\":\"BreadcrumbList\",\"@id\":\"https:\/\/mallorca.eleusal.com\/es\/escuela\/#breadcrumb\",\"itemListElement\":[{\"@type\":\"ListItem\",\"position\":1,\"name\":\"Home\",\"item\":\"https:\/\/mallorca.eleusal.com\/es\/\"},{\"@type\":\"ListItem\",\"position\":2,\"name\":\"La escuela\"}]},{\"@type\":\"WebSite\",\"@id\":\"https:\/\/mallorca.eleusal.com\/#website\",\"url\":\"https:\/\/mallorca.eleusal.com\/\",\"name\":\"ELE USAL Mallorca\",\"description\":\"ELE USAL\",\"publisher\":{\"@id\":\"https:\/\/mallorca.eleusal.com\/#organization\"},\"potentialAction\":[{\"@type\":\"SearchAction\",\"target\":{\"@type\":\"EntryPoint\",\"urlTemplate\":\"https:\/\/mallorca.eleusal.com\/?s={search_term_string}\"},\"query-input\":{\"@type\":\"PropertyValueSpecification\",\"valueRequired\":true,\"valueName\":\"search_term_string\"}}],\"inLanguage\":\"es\"},{\"@type\":\"Organization\",\"@id\":\"https:\/\/mallorca.eleusal.com\/#organization\",\"name\":\"ELE USAL Mallorca\",\"url\":\"https:\/\/mallorca.eleusal.com\/\",\"logo\":{\"@type\":\"ImageObject\",\"inLanguage\":\"es\",\"@id\":\"https:\/\/mallorca.eleusal.com\/#\/schema\/logo\/image\/\",\"url\":\"https:\/\/mallorca.eleusal.com\/wp-content\/uploads\/sites\/3\/2019\/06\/ELE-USAL-Mallorca_logoNav.png\",\"contentUrl\":\"https:\/\/mallorca.eleusal.com\/wp-content\/uploads\/sites\/3\/2019\/06\/ELE-USAL-Mallorca_logoNav.png\",\"width\":745,\"height\":42,\"caption\":\"ELE USAL Mallorca\"},\"image\":{\"@id\":\"https:\/\/mallorca.eleusal.com\/#\/schema\/logo\/image\/\"},\"sameAs\":[\"https:\/\/www.facebook.com\/mallorca.eleusal\",\"https:\/\/x.com\/UsalMallorca\",\"https:\/\/www.instagram.com\/eleusalmallorca\/\",\"https:\/\/www.linkedin.com\/company\/ele-usal-mallorca-sl\/\",\"https:\/\/www.youtube.com\/channel\/UCTcEzEe-vw0cKhxIk9utLNQ?view_as=subscriber\"]}]}<\/script>\n<!-- \/ Yoast SEO plugin. -->","yoast_head_json":{"title":"La escuela - ELE USAL Mallorca","robots":{"index":"index","follow":"follow","max-snippet":"max-snippet:-1","max-image-preview":"max-image-preview:large","max-video-preview":"max-video-preview:-1"},"canonical":"https:\/\/mallorca.eleusal.com\/es\/escuela\/","og_locale":"es_ES","og_type":"article","og_title":"La escuela - ELE USAL Mallorca","og_description":"[vc_row css_animation=\u00bb\u00bb row_type=\u00bbrow\u00bb use_row_as_full_screen_section=\u00bbno\u00bb type=\u00bbfull_width\u00bb angled_section=\u00bbno\u00bb text_align=\u00bbleft\u00bb background_image_as_pattern=\u00bbwithout_pattern\u00bb][vc_column][vc_separator type=\u00bbnormal\u00bb][\/vc_column][\/vc_row][vc_row css_animation=\u00bb\u00bb row_type=\u00bbrow\u00bb use_row_as_full_screen_section=\u00bbno\u00bb type=\u00bbgrid\u00bb angled_section=\u00bbno\u00bb text_align=\u00bbleft\u00bb background_image_as_pattern=\u00bbwithout_pattern\u00bb z_index=\u00bb\u00bb][vc_column width=\u00bb2\/3&#8243;][vc_column_text] Estimado\/a estudiante: &nbsp; Me gustar\u00eda darle la bienvenida a ELE USAL MALLORCA, su mejor escuela de espa\u00f1ol en Palma de Mallorca des de 2014. Nos comprometemos a...","og_url":"https:\/\/mallorca.eleusal.com\/es\/escuela\/","og_site_name":"ELE USAL Mallorca","article_publisher":"https:\/\/www.facebook.com\/mallorca.eleusal","article_modified_time":"2026-03-09T17:15:39+00:00","twitter_card":"summary_large_image","twitter_site":"@UsalMallorca","twitter_misc":{"Tiempo de lectura":"2 minutos"},"schema":{"@context":"https:\/\/schema.org","@graph":[{"@type":"WebPage","@id":"https:\/\/mallorca.eleusal.com\/es\/escuela\/","url":"https:\/\/mallorca.eleusal.com\/es\/escuela\/","name":"La escuela - ELE USAL Mallorca","isPartOf":{"@id":"https:\/\/mallorca.eleusal.com\/#website"},"datePublished":"2018-05-07T12:08:05+00:00","dateModified":"2026-03-09T17:15:39+00:00","breadcrumb":{"@id":"https:\/\/mallorca.eleusal.com\/es\/escuela\/#breadcrumb"},"inLanguage":"es","potentialAction":[{"@type":"ReadAction","target":["https:\/\/mallorca.eleusal.com\/es\/escuela\/"]}]},{"@type":"BreadcrumbList","@id":"https:\/\/mallorca.eleusal.com\/es\/escuela\/#breadcrumb","itemListElement":[{"@type":"ListItem","position":1,"name":"Home","item":"https:\/\/mallorca.eleusal.com\/es\/"},{"@type":"ListItem","position":2,"name":"La escuela"}]},{"@type":"WebSite","@id":"https:\/\/mallorca.eleusal.com\/#website","url":"https:\/\/mallorca.eleusal.com\/","name":"ELE USAL Mallorca","description":"ELE USAL","publisher":{"@id":"https:\/\/mallorca.eleusal.com\/#organization"},"potentialAction":[{"@type":"SearchAction","target":{"@type":"EntryPoint","urlTemplate":"https:\/\/mallorca.eleusal.com\/?s={search_term_string}"},"query-input":{"@type":"PropertyValueSpecification","valueRequired":true,"valueName":"search_term_string"}}],"inLanguage":"es"},{"@type":"Organization","@id":"https:\/\/mallorca.eleusal.com\/#organization","name":"ELE USAL Mallorca","url":"https:\/\/mallorca.eleusal.com\/","logo":{"@type":"ImageObject","inLanguage":"es","@id":"https:\/\/mallorca.eleusal.com\/#\/schema\/logo\/image\/","url":"https:\/\/mallorca.eleusal.com\/wp-content\/uploads\/sites\/3\/2019\/06\/ELE-USAL-Mallorca_logoNav.png","contentUrl":"https:\/\/mallorca.eleusal.com\/wp-content\/uploads\/sites\/3\/2019\/06\/ELE-USAL-Mallorca_logoNav.png","width":745,"height":42,"caption":"ELE USAL Mallorca"},"image":{"@id":"https:\/\/mallorca.eleusal.com\/#\/schema\/logo\/image\/"},"sameAs":["https:\/\/www.facebook.com\/mallorca.eleusal","https:\/\/x.com\/UsalMallorca","https:\/\/www.instagram.com\/eleusalmallorca\/","https:\/\/www.linkedin.com\/company\/ele-usal-mallorca-sl\/","https:\/\/www.youtube.com\/channel\/UCTcEzEe-vw0cKhxIk9utLNQ?view_as=subscriber"]}]}},"_links":{"self":[{"href":"https:\/\/mallorca.eleusal.com\/es\/wp-json\/wp\/v2\/pages\/672","targetHints":{"allow":["GET"]}}],"collection":[{"href":"https:\/\/mallorca.eleusal.com\/es\/wp-json\/wp\/v2\/pages"}],"about":[{"href":"https:\/\/mallorca.eleusal.com\/es\/wp-json\/wp\/v2\/types\/page"}],"author":[{"embeddable":true,"href":"https:\/\/mallorca.eleusal.com\/es\/wp-json\/wp\/v2\/users\/1"}],"replies":[{"embeddable":true,"href":"https:\/\/mallorca.eleusal.com\/es\/wp-json\/wp\/v2\/comments?post=672"}],"version-history":[{"count":43,"href":"https:\/\/mallorca.eleusal.com\/es\/wp-json\/wp\/v2\/pages\/672\/revisions"}],"predecessor-version":[{"id":17337,"href":"https:\/\/mallorca.eleusal.com\/es\/wp-json\/wp\/v2\/pages\/672\/revisions\/17337"}],"wp:attachment":[{"href":"https:\/\/mallorca.eleusal.com\/es\/wp-json\/wp\/v2\/media?parent=672"}],"curies":[{"name":"wp","href":"https:\/\/api.w.org\/{rel}","templated":true}]}}